{"id":51,"date":"2022-01-24T15:58:40","date_gmt":"2022-01-24T15:58:40","guid":{"rendered":"http:\/\/textradetr.com\/?page_id=51"},"modified":"2022-12-21T14:28:08","modified_gmt":"2022-12-21T14:28:08","slug":"sustainability","status":"publish","type":"page","link":"https:\/\/textradetr.com\/index.php\/sustainability\/","title":{"rendered":"Susta\u0131nab\u0131l\u0131ty"},"content":{"rendered":"\t\t<div data-elementor-type=\"wp-page\" data-elementor-id=\"51\" class=\"elementor elementor-51\">\n\t\t\t\t\t\t\t\t\t<section class=\"elementor-section elementor-top-section elementor-element elementor-element-bcbbc30 elementor-section-boxed elementor-section-height-default elementor-section-height-default\" data-id=\"bcbbc30\" data-element_type=\"section\">\n\t\t\t\t\t\t<div class=\"elementor-container elementor-column-gap-default\">\n\t\t\t\t\t<div class=\"elementor-column elementor-col-100 elementor-top-column elementor-element elementor-element-4ae56c9\" data-id=\"4ae56c9\" data-element_type=\"column\">\n\t\t\t<div class=\"elementor-widget-wrap elementor-element-populated\">\n\t\t\t\t\t\t\t\t<div class=\"elementor-element elementor-element-74f4cf0 elementor-invisible elementor-widget elementor-widget-heading\" data-id=\"74f4cf0\" data-element_type=\"widget\" data-settings=\"{&quot;_animation&quot;:&quot;fadeInDown&quot;}\" data-widget_type=\"heading.default\">\n\t\t\t\t<div class=\"elementor-widget-container\">\n\t\t\t<style>\/*! elementor - v3.10.1 - 17-01-2023 *\/\n.elementor-heading-title{padding:0;margin:0;line-height:1}.elementor-widget-heading .elementor-heading-title[class*=elementor-size-]>a{color:inherit;font-size:inherit;line-height:inherit}.elementor-widget-heading .elementor-heading-title.elementor-size-small{font-size:15px}.elementor-widget-heading .elementor-heading-title.elementor-size-medium{font-size:19px}.elementor-widget-heading .elementor-heading-title.elementor-size-large{font-size:29px}.elementor-widget-heading .elementor-heading-title.elementor-size-xl{font-size:39px}.elementor-widget-heading .elementor-heading-title.elementor-size-xxl{font-size:59px}<\/style><h2 class=\"elementor-heading-title elementor-size-default\">MOVING TOWARDS SUSTAINABILITY<\/h2>\t\t<\/div>\n\t\t\t\t<\/div>\n\t\t\t\t\t<\/div>\n\t\t<\/div>\n\t\t\t\t\t\t\t<\/div>\n\t\t<\/section>\n\t\t\t\t<section class=\"elementor-section elementor-top-section elementor-element elementor-element-05bde97 elementor-section-boxed elementor-section-height-default elementor-section-height-default\" data-id=\"05bde97\" data-element_type=\"section\">\n\t\t\t\t\t\t<div class=\"elementor-container elementor-column-gap-default\">\n\t\t\t\t\t<div class=\"elementor-column elementor-col-100 elementor-top-column elementor-element elementor-element-dd40e2f\" data-id=\"dd40e2f\" data-element_type=\"column\">\n\t\t\t<div class=\"elementor-widget-wrap elementor-element-populated\">\n\t\t\t\t\t\t\t\t<div class=\"elementor-element elementor-element-ec869a6 elementor-invisible elementor-widget elementor-widget-text-editor\" data-id=\"ec869a6\" data-element_type=\"widget\" data-settings=\"{&quot;_animation&quot;:&quot;fadeInUp&quot;}\" data-widget_type=\"text-editor.default\">\n\t\t\t\t<div class=\"elementor-widget-container\">\n\t\t\t<style>\/*! elementor - v3.10.1 - 17-01-2023 *\/\n.elementor-widget-text-editor.elementor-drop-cap-view-stacked .elementor-drop-cap{background-color:#818a91;color:#fff}.elementor-widget-text-editor.elementor-drop-cap-view-framed .elementor-drop-cap{color:#818a91;border:3px solid;background-color:transparent}.elementor-widget-text-editor:not(.elementor-drop-cap-view-default) .elementor-drop-cap{margin-top:8px}.elementor-widget-text-editor:not(.elementor-drop-cap-view-default) .elementor-drop-cap-letter{width:1em;height:1em}.elementor-widget-text-editor .elementor-drop-cap{float:left;text-align:center;line-height:1;font-size:50px}.elementor-widget-text-editor .elementor-drop-cap-letter{display:inline-block}<\/style>\t\t\t\t<p>Sustainability and responsibility are the corner stones of Tex Trade\u2019s daily business. Sustainability work\u2019s focus areas are products and production, the environment and climate as well as people.<\/p><p>We understand the importance of operating a sustainable business. We aim to become sustainable projects leaders for;<\/p>\t\t\t\t\t\t<\/div>\n\t\t\t\t<\/div>\n\t\t\t\t\t<\/div>\n\t\t<\/div>\n\t\t\t\t\t\t\t<\/div>\n\t\t<\/section>\n\t\t\t\t<section class=\"elementor-section elementor-top-section elementor-element elementor-element-e406ea3 elementor-section-boxed elementor-section-height-default elementor-section-height-default\" data-id=\"e406ea3\" data-element_type=\"section\">\n\t\t\t\t\t\t<div class=\"elementor-container elementor-column-gap-default\">\n\t\t\t\t\t<div class=\"elementor-column elementor-col-33 elementor-top-column elementor-element elementor-element-7607c30\" data-id=\"7607c30\" data-element_type=\"column\">\n\t\t\t<div class=\"elementor-widget-wrap elementor-element-populated\">\n\t\t\t\t\t\t\t\t<div class=\"elementor-element elementor-element-816ac20 elementor-invisible elementor-widget elementor-widget-image\" data-id=\"816ac20\" data-element_type=\"widget\" data-settings=\"{&quot;_animation&quot;:&quot;slideInLeft&quot;}\" data-widget_type=\"image.default\">\n\t\t\t\t<div class=\"elementor-widget-container\">\n\t\t\t<style>\/*! elementor - v3.10.1 - 17-01-2023 *\/\n.elementor-widget-image{text-align:center}.elementor-widget-image a{display:inline-block}.elementor-widget-image a img[src$=\".svg\"]{width:48px}.elementor-widget-image img{vertical-align:middle;display:inline-block}<\/style>\t\t\t\t\t\t\t\t\t<figure class=\"wp-caption\">\n\t\t\t\t\t\t\t\t\t\t<img decoding=\"async\" width=\"1024\" height=\"1024\" src=\"https:\/\/textradetr.com\/wp-content\/uploads\/2022\/01\/Family-Icon-1024x1024.png\" class=\"attachment-large size-large wp-image-111\" alt=\"\" loading=\"lazy\" srcset=\"https:\/\/textradetr.com\/wp-content\/uploads\/2022\/01\/Family-Icon-1024x1024.png 1024w, https:\/\/textradetr.com\/wp-content\/uploads\/2022\/01\/Family-Icon-300x300.png 300w, https:\/\/textradetr.com\/wp-content\/uploads\/2022\/01\/Family-Icon-150x150.png 150w, https:\/\/textradetr.com\/wp-content\/uploads\/2022\/01\/Family-Icon-768x768.png 768w, https:\/\/textradetr.com\/wp-content\/uploads\/2022\/01\/Family-Icon-1536x1536.png 1536w, https:\/\/textradetr.com\/wp-content\/uploads\/2022\/01\/Family-Icon-2048x2048.png 2048w\" sizes=\"(max-width: 1024px) 100vw, 1024px\" \/>\t\t\t\t\t\t\t\t\t\t\t<figcaption class=\"widget-image-caption wp-caption-text\">Family<\/figcaption>\n\t\t\t\t\t\t\t\t\t\t<\/figure>\n\t\t\t\t\t\t\t\t\t<\/div>\n\t\t\t\t<\/div>\n\t\t\t\t\t<\/div>\n\t\t<\/div>\n\t\t\t\t<div class=\"elementor-column elementor-col-33 elementor-top-column elementor-element elementor-element-b9d1265\" data-id=\"b9d1265\" data-element_type=\"column\">\n\t\t\t<div class=\"elementor-widget-wrap elementor-element-populated\">\n\t\t\t\t\t\t\t\t<div class=\"elementor-element elementor-element-5f27bf2 elementor-invisible elementor-widget elementor-widget-image\" data-id=\"5f27bf2\" data-element_type=\"widget\" data-settings=\"{&quot;_animation&quot;:&quot;slideInDown&quot;}\" data-widget_type=\"image.default\">\n\t\t\t\t<div class=\"elementor-widget-container\">\n\t\t\t\t\t\t\t\t\t\t\t\t<figure class=\"wp-caption\">\n\t\t\t\t\t\t\t\t\t\t<img decoding=\"async\" width=\"1024\" height=\"1024\" src=\"https:\/\/textradetr.com\/wp-content\/uploads\/2022\/01\/World-Icon-1024x1024.png\" class=\"attachment-large size-large wp-image-109\" alt=\"\" loading=\"lazy\" srcset=\"https:\/\/textradetr.com\/wp-content\/uploads\/2022\/01\/World-Icon-1024x1024.png 1024w, https:\/\/textradetr.com\/wp-content\/uploads\/2022\/01\/World-Icon-300x300.png 300w, https:\/\/textradetr.com\/wp-content\/uploads\/2022\/01\/World-Icon-150x150.png 150w, https:\/\/textradetr.com\/wp-content\/uploads\/2022\/01\/World-Icon-768x768.png 768w, https:\/\/textradetr.com\/wp-content\/uploads\/2022\/01\/World-Icon-1536x1536.png 1536w, https:\/\/textradetr.com\/wp-content\/uploads\/2022\/01\/World-Icon-2048x2048.png 2048w\" sizes=\"(max-width: 1024px) 100vw, 1024px\" \/>\t\t\t\t\t\t\t\t\t\t\t<figcaption class=\"widget-image-caption wp-caption-text\">Planet<\/figcaption>\n\t\t\t\t\t\t\t\t\t\t<\/figure>\n\t\t\t\t\t\t\t\t\t<\/div>\n\t\t\t\t<\/div>\n\t\t\t\t\t<\/div>\n\t\t<\/div>\n\t\t\t\t<div class=\"elementor-column elementor-col-33 elementor-top-column elementor-element elementor-element-f5eb107\" data-id=\"f5eb107\" data-element_type=\"column\">\n\t\t\t<div class=\"elementor-widget-wrap elementor-element-populated\">\n\t\t\t\t\t\t\t\t<div class=\"elementor-element elementor-element-fdb9430 elementor-invisible elementor-widget elementor-widget-image\" data-id=\"fdb9430\" data-element_type=\"widget\" data-settings=\"{&quot;_animation&quot;:&quot;bounceInRight&quot;}\" data-widget_type=\"image.default\">\n\t\t\t\t<div class=\"elementor-widget-container\">\n\t\t\t\t\t\t\t\t\t\t\t\t<figure class=\"wp-caption\">\n\t\t\t\t\t\t\t\t\t\t<img decoding=\"async\" width=\"1024\" height=\"1024\" src=\"https:\/\/textradetr.com\/wp-content\/uploads\/2022\/01\/Profit-Icon-1024x1024.png\" class=\"attachment-large size-large wp-image-108\" alt=\"\" loading=\"lazy\" srcset=\"https:\/\/textradetr.com\/wp-content\/uploads\/2022\/01\/Profit-Icon-1024x1024.png 1024w, https:\/\/textradetr.com\/wp-content\/uploads\/2022\/01\/Profit-Icon-300x300.png 300w, https:\/\/textradetr.com\/wp-content\/uploads\/2022\/01\/Profit-Icon-150x150.png 150w, https:\/\/textradetr.com\/wp-content\/uploads\/2022\/01\/Profit-Icon-768x768.png 768w, https:\/\/textradetr.com\/wp-content\/uploads\/2022\/01\/Profit-Icon-1536x1536.png 1536w, https:\/\/textradetr.com\/wp-content\/uploads\/2022\/01\/Profit-Icon-2048x2048.png 2048w\" sizes=\"(max-width: 1024px) 100vw, 1024px\" \/>\t\t\t\t\t\t\t\t\t\t\t<figcaption class=\"widget-image-caption wp-caption-text\">Profit<\/figcaption>\n\t\t\t\t\t\t\t\t\t\t<\/figure>\n\t\t\t\t\t\t\t\t\t<\/div>\n\t\t\t\t<\/div>\n\t\t\t\t\t<\/div>\n\t\t<\/div>\n\t\t\t\t\t\t\t<\/div>\n\t\t<\/section>\n\t\t\t\t<section class=\"elementor-section elementor-top-section elementor-element elementor-element-b8dae3a elementor-section-boxed elementor-section-height-default elementor-section-height-default\" data-id=\"b8dae3a\" data-element_type=\"section\">\n\t\t\t\t\t\t<div class=\"elementor-container elementor-column-gap-default\">\n\t\t\t\t\t<div class=\"elementor-column elementor-col-100 elementor-top-column elementor-element elementor-element-7939f84\" data-id=\"7939f84\" data-element_type=\"column\">\n\t\t\t<div class=\"elementor-widget-wrap elementor-element-populated\">\n\t\t\t\t\t\t\t\t<div class=\"elementor-element elementor-element-aee64b1 elementor-invisible elementor-widget elementor-widget-text-editor\" data-id=\"aee64b1\" data-element_type=\"widget\" data-settings=\"{&quot;_animation&quot;:&quot;fadeInUp&quot;}\" data-widget_type=\"text-editor.default\">\n\t\t\t\t<div class=\"elementor-widget-container\">\n\t\t\t\t\t\t\t<p>Therefore we are working with environmentally-conscious and respectful to code of conduct producers.<\/p><p>Our knitted, woven, seamless and flat knit garment producers are certificate holders for responsible production.<\/p>\t\t\t\t\t\t<\/div>\n\t\t\t\t<\/div>\n\t\t\t\t\t<\/div>\n\t\t<\/div>\n\t\t\t\t\t\t\t<\/div>\n\t\t<\/section>\n\t\t\t\t<section class=\"elementor-section elementor-top-section elementor-element elementor-element-d388301 elementor-section-boxed elementor-section-height-default elementor-section-height-default\" data-id=\"d388301\" data-element_type=\"section\">\n\t\t\t\t\t\t<div class=\"elementor-container elementor-column-gap-default\">\n\t\t\t\t\t<div class=\"elementor-column elementor-col-100 elementor-top-column elementor-element elementor-element-c3deab4\" data-id=\"c3deab4\" data-element_type=\"column\">\n\t\t\t<div class=\"elementor-widget-wrap elementor-element-populated\">\n\t\t\t\t\t\t\t\t<div class=\"elementor-element elementor-element-898611f elementor-invisible elementor-widget elementor-widget-image\" data-id=\"898611f\" data-element_type=\"widget\" data-settings=\"{&quot;_animation&quot;:&quot;fadeInDown&quot;}\" data-widget_type=\"image.default\">\n\t\t\t\t<div class=\"elementor-widget-container\">\n\t\t\t\t\t\t\t\t\t\t\t\t\t\t\t<img decoding=\"async\" width=\"1024\" height=\"79\" src=\"https:\/\/textradetr.com\/wp-content\/uploads\/2022\/12\/Audit-1024x79.png\" class=\"attachment-large size-large wp-image-630\" alt=\"\" loading=\"lazy\" srcset=\"https:\/\/textradetr.com\/wp-content\/uploads\/2022\/12\/Audit-1024x79.png 1024w, https:\/\/textradetr.com\/wp-content\/uploads\/2022\/12\/Audit-300x23.png 300w, https:\/\/textradetr.com\/wp-content\/uploads\/2022\/12\/Audit-768x59.png 768w, https:\/\/textradetr.com\/wp-content\/uploads\/2022\/12\/Audit-1536x119.png 1536w, https:\/\/textradetr.com\/wp-content\/uploads\/2022\/12\/Audit-2048x159.png 2048w\" sizes=\"(max-width: 1024px) 100vw, 1024px\" \/>\t\t\t\t\t\t\t\t\t\t\t\t\t\t\t<\/div>\n\t\t\t\t<\/div>\n\t\t\t\t\t<\/div>\n\t\t<\/div>\n\t\t\t\t\t\t\t<\/div>\n\t\t<\/section>\n\t\t\t\t<section class=\"elementor-section elementor-top-section elementor-element elementor-element-cf04392 elementor-section-boxed elementor-section-height-default elementor-section-height-default\" data-id=\"cf04392\" data-element_type=\"section\">\n\t\t\t\t\t\t<div class=\"elementor-container elementor-column-gap-default\">\n\t\t\t\t\t<div class=\"elementor-column elementor-col-100 elementor-top-column elementor-element elementor-element-141ac93\" data-id=\"141ac93\" data-element_type=\"column\">\n\t\t\t<div class=\"elementor-widget-wrap elementor-element-populated\">\n\t\t\t\t\t\t\t\t<div class=\"elementor-element elementor-element-6e35d76 elementor-invisible elementor-widget elementor-widget-text-editor\" data-id=\"6e35d76\" data-element_type=\"widget\" data-settings=\"{&quot;_animation&quot;:&quot;fadeInUp&quot;}\" data-widget_type=\"text-editor.default\">\n\t\t\t\t<div class=\"elementor-widget-container\">\n\t\t\t\t\t\t\t<p>Sustainability is not a mission, but a mindset for Tex Trade.<\/p><p>We aim to improve the life of every person every day by protecting our world, LIFE IS PRECIOUS.<\/p>\t\t\t\t\t\t<\/div>\n\t\t\t\t<\/div>\n\t\t\t\t\t<\/div>\n\t\t<\/div>\n\t\t\t\t\t\t\t<\/div>\n\t\t<\/section>\n\t\t\t\t<section class=\"elementor-section elementor-top-section elementor-element elementor-element-030f1e8 elementor-section-boxed elementor-section-height-default elementor-section-height-default\" data-id=\"030f1e8\" data-element_type=\"section\">\n\t\t\t\t\t\t<div class=\"elementor-container elementor-column-gap-default\">\n\t\t\t\t\t<div class=\"elementor-column elementor-col-100 elementor-top-column elementor-element elementor-element-0e5a79b\" data-id=\"0e5a79b\" data-element_type=\"column\">\n\t\t\t<div class=\"elementor-widget-wrap elementor-element-populated\">\n\t\t\t\t\t\t\t\t<div class=\"elementor-element elementor-element-6d59555 elementor-invisible elementor-widget elementor-widget-image\" data-id=\"6d59555\" data-element_type=\"widget\" data-settings=\"{&quot;_animation&quot;:&quot;fadeInUp&quot;}\" data-widget_type=\"image.default\">\n\t\t\t\t<div class=\"elementor-widget-container\">\n\t\t\t\t\t\t\t\t\t\t\t\t\t\t\t<img decoding=\"async\" width=\"300\" height=\"300\" src=\"https:\/\/textradetr.com\/wp-content\/uploads\/2022\/12\/Sustainable-Worlds-2-300x300.png\" class=\"attachment-medium size-medium wp-image-638\" alt=\"\" loading=\"lazy\" srcset=\"https:\/\/textradetr.com\/wp-content\/uploads\/2022\/12\/Sustainable-Worlds-2-300x300.png 300w, https:\/\/textradetr.com\/wp-content\/uploads\/2022\/12\/Sustainable-Worlds-2-1024x1024.png 1024w, https:\/\/textradetr.com\/wp-content\/uploads\/2022\/12\/Sustainable-Worlds-2-150x150.png 150w, https:\/\/textradetr.com\/wp-content\/uploads\/2022\/12\/Sustainable-Worlds-2-768x768.png 768w, https:\/\/textradetr.com\/wp-content\/uploads\/2022\/12\/Sustainable-Worlds-2-1536x1536.png 1536w, https:\/\/textradetr.com\/wp-content\/uploads\/2022\/12\/Sustainable-Worlds-2-2048x2048.png 2048w\" sizes=\"(max-width: 300px) 100vw, 300px\" \/>\t\t\t\t\t\t\t\t\t\t\t\t\t\t\t<\/div>\n\t\t\t\t<\/div>\n\t\t\t\t\t<\/div>\n\t\t<\/div>\n\t\t\t\t\t\t\t<\/div>\n\t\t<\/section>\n\t\t\t\t\t\t\t<\/div>\n\t\t","protected":false},"excerpt":{"rendered":"<p>MOVING TOWARDS SUSTAINABILITY Sustainability and responsibility are the corner stones of Tex Trade\u2019s daily business. Sustainability work\u2019s focus areas are products and production, the environment and climate as well as people. We understand the importance of operating a sustainable business. We aim to become sustainable projects leaders for; Family Planet Profit Therefore we are working [&hellip;]<\/p>\n","protected":false},"author":1,"featured_media":0,"parent":0,"menu_order":0,"comment_status":"closed","ping_status":"closed","template":"","meta":[],"_links":{"self":[{"href":"https:\/\/textradetr.com\/index.php\/wp-json\/wp\/v2\/pages\/51"}],"collection":[{"href":"https:\/\/textradetr.com\/index.php\/wp-json\/wp\/v2\/pages"}],"about":[{"href":"https:\/\/textradetr.com\/index.php\/wp-json\/wp\/v2\/types\/page"}],"author":[{"embeddable":true,"href":"https:\/\/textradetr.com\/index.php\/wp-json\/wp\/v2\/users\/1"}],"replies":[{"embeddable":true,"href":"https:\/\/textradetr.com\/index.php\/wp-json\/wp\/v2\/comments?post=51"}],"version-history":[{"count":22,"href":"https:\/\/textradetr.com\/index.php\/wp-json\/wp\/v2\/pages\/51\/revisions"}],"predecessor-version":[{"id":647,"href":"https:\/\/textradetr.com\/index.php\/wp-json\/wp\/v2\/pages\/51\/revisions\/647"}],"wp:attachment":[{"href":"https:\/\/textradetr.com\/index.php\/wp-json\/wp\/v2\/media?parent=51"}],"curies":[{"name":"wp","href":"https:\/\/api.w.org\/{rel}","templated":true}]}}